{"id":121,"date":"2023-09-28T18:50:44","date_gmt":"2023-09-28T18:50:44","guid":{"rendered":"https:\/\/restaurantelaconcordia.es\/?page_id=121"},"modified":"2024-10-31T07:31:54","modified_gmt":"2024-10-31T07:31:54","slug":"accesibilidad","status":"publish","type":"page","link":"https:\/\/restaurantelaconcordia.es\/en\/accesibilidad\/","title":{"rendered":"Accessibility"},"content":{"rendered":"<div data-elementor-type=\"wp-page\" data-elementor-id=\"121\" class=\"elementor elementor-121\" data-elementor-post-type=\"page\">\n\t\t\t\t<div class=\"elementor-element elementor-element-9687038 e-flex e-con-boxed e-con e-parent\" data-id=\"9687038\" data-element_type=\"container\" data-e-type=\"container\">\n\t\t\t\t\t<div class=\"e-con-inner\">\n\t\t\t\t<div class=\"elementor-element elementor-element-bc88293 elementor-widget elementor-widget-text-editor\" data-id=\"bc88293\" data-element_type=\"widget\" data-e-type=\"widget\" data-widget_type=\"text-editor.default\">\n\t\t\t\t<div class=\"elementor-widget-container\">\n\t\t\t\t\t\t\t\t\t<p>ACCESIBILIDAD WEB<br \/>Actualizado 15\/03\/2023<\/p><p>Restaurante la concordia se compromete en hacer accesible su sitio web de conformidad con el\u00a0Real Decreto 1112\/2018, sobre accesibilidad de los sitios webs y aplicaciones para dispositivos m\u00f3viles del sector p\u00fablico.<br \/>La presente declaraci\u00f3n de accesibilidad se aplica al sitio web restaurantelaconcordia.es<br \/>SITUACI\u00d3N DE CUMPLIMIENTO<br \/>Este sitio web es parcialmente conforme con el\u00a0RD 1112\/2018\u00a0debido a la falta de conformidad de los aspectos que se indican a continuaci\u00f3n.<br \/>Contenido no accesible<br \/>El contenido que se recoge a continuaci\u00f3n no es accesible por lo siguiente:<br \/>Falta de conformidad con el RD 1112\/2018<br \/>Se pueden encontrar im\u00e1genes sin que acompa\u00f1e texto explicativo.<br \/>Se puede encontrar a\u00fan anidamientos incorrectos de etiquetas.<br \/>Podr\u00edan existir fallos de edici\u00f3n en la p\u00e1gina web.<br \/>Carga desproporcionada<br \/>No aplica.<br \/>El contenido no entra dentro del \u00e1mbito de la legislaci\u00f3n aplicable.<br \/>Existen archivos ofim\u00e1ticos en PDF que no cumplan en su totalidad todos los requisitos de accesibilidad.<br \/>La presente declaraci\u00f3n fue preparada el 15 de enero de 2023.<br \/>El m\u00e9todo empleado para preparar la declaraci\u00f3n ha sido una autoevaluaci\u00f3n llevada a cabo por el equipo de accesibilidad.<br \/>\u00daltima revisi\u00f3n de la declaraci\u00f3n: 12 de enero de 2023.<br \/>Observaciones y datos de contacto<br \/>Puede realizar comunicaciones sobre requisitos de accesibilidad (art\u00edculo 10.2.a) del RD 1112\/2018) como por ejemplo:<br \/>Informar sobre cualquier posible incumplimiento por parte de este sitio web.<br \/>Transmitir otras dificultades de acceso al contenido.<br \/>Formular cualquier otra consulta o sugerencia de mejora relativa a la accesibilidad del sitio web.<br \/>A trav\u00e9s de nuestro buz\u00f3n de sugerencias restaurantelaconcordia@gmail.com, o de manera presencial en nuestra sede: Pl. la Concordia, 7, 34410 Monz\u00f3n de Campos, Palencia.<br \/>Las comunicaciones ser\u00e1n recibidas y tratadas por el equipo de Accesibilidad.<\/p>\t\t\t\t\t\t\t\t<\/div>\n\t\t\t\t<\/div>\n\t\t\t\t\t<\/div>\n\t\t\t\t<\/div>\n\t\t\t\t<\/div>","protected":false},"excerpt":{"rendered":"<p>ACCESIBILIDAD WEBActualizado 15\/03\/2023 Restaurante la concordia se compromete en hacer accesible su sitio web de conformidad con el\u00a0Real Decreto 1112\/2018, sobre accesibilidad de los sitios webs y aplicaciones para dispositivos m\u00f3viles del sector p\u00fablico.La presente declaraci\u00f3n de accesibilidad se aplica al sitio web restaurantelaconcordia.esSITUACI\u00d3N DE CUMPLIMIENTOEste sitio web es parcialmente conforme con el\u00a0RD 1112\/2018\u00a0debido a [&hellip;]<\/p>\n","protected":false},"author":1,"featured_media":0,"parent":0,"menu_order":0,"comment_status":"closed","ping_status":"closed","template":"","meta":{"footnotes":""},"class_list":["post-121","page","type-page","status-publish","hentry"],"yoast_head":"<!-- This site is optimized with the Yoast SEO plugin v27.4 - https:\/\/yoast.com\/product\/yoast-seo-wordpress\/ -->\n<title>Accesibilidad - Restaurante La Concordia<\/title>\n<meta name=\"robots\" content=\"noindex, nofollow\" \/>\n<meta property=\"og:locale\" content=\"en_GB\" \/>\n<meta property=\"og:type\" content=\"article\" \/>\n<meta property=\"og:title\" content=\"Accesibilidad - Restaurante La Concordia\" \/>\n<meta property=\"og:description\" content=\"ACCESIBILIDAD WEBActualizado 15\/03\/2023 Restaurante la concordia se compromete en hacer accesible su sitio web de conformidad con el\u00a0Real Decreto 1112\/2018, sobre accesibilidad de los sitios webs y aplicaciones para dispositivos m\u00f3viles del sector p\u00fablico.La presente declaraci\u00f3n de accesibilidad se aplica al sitio web restaurantelaconcordia.esSITUACI\u00d3N DE CUMPLIMIENTOEste sitio web es parcialmente conforme con el\u00a0RD 1112\/2018\u00a0debido a [&hellip;]\" \/>\n<meta property=\"og:url\" content=\"https:\/\/restaurantelaconcordia.es\/en\/accesibilidad\/\" \/>\n<meta property=\"og:site_name\" content=\"Restaurante La Concordia\" \/>\n<meta property=\"article:modified_time\" content=\"2024-10-31T07:31:54+00:00\" \/>\n<meta name=\"twitter:card\" content=\"summary_large_image\" \/>\n<meta name=\"twitter:label1\" content=\"Estimated reading time\" \/>\n\t<meta name=\"twitter:data1\" content=\"2 minutes\" \/>\n<script type=\"application\/ld+json\" class=\"yoast-schema-graph\">{\"@context\":\"https:\\\/\\\/schema.org\",\"@graph\":[{\"@type\":\"WebPage\",\"@id\":\"https:\\\/\\\/restaurantelaconcordia.es\\\/accesibilidad\\\/\",\"url\":\"https:\\\/\\\/restaurantelaconcordia.es\\\/accesibilidad\\\/\",\"name\":\"Accesibilidad - Restaurante La Concordia\",\"isPartOf\":{\"@id\":\"https:\\\/\\\/restaurantelaconcordia.es\\\/#website\"},\"datePublished\":\"2023-09-28T18:50:44+00:00\",\"dateModified\":\"2024-10-31T07:31:54+00:00\",\"breadcrumb\":{\"@id\":\"https:\\\/\\\/restaurantelaconcordia.es\\\/accesibilidad\\\/#breadcrumb\"},\"inLanguage\":\"en-GB\",\"potentialAction\":[{\"@type\":\"ReadAction\",\"target\":[\"https:\\\/\\\/restaurantelaconcordia.es\\\/accesibilidad\\\/\"]}]},{\"@type\":\"BreadcrumbList\",\"@id\":\"https:\\\/\\\/restaurantelaconcordia.es\\\/accesibilidad\\\/#breadcrumb\",\"itemListElement\":[{\"@type\":\"ListItem\",\"position\":1,\"name\":\"Portada\",\"item\":\"https:\\\/\\\/restaurantelaconcordia.es\\\/\"},{\"@type\":\"ListItem\",\"position\":2,\"name\":\"Accesibilidad\"}]},{\"@type\":\"WebSite\",\"@id\":\"https:\\\/\\\/restaurantelaconcordia.es\\\/#website\",\"url\":\"https:\\\/\\\/restaurantelaconcordia.es\\\/\",\"name\":\"Restaurante La Concordia\",\"description\":\"Restaurante\",\"publisher\":{\"@id\":\"https:\\\/\\\/restaurantelaconcordia.es\\\/#organization\"},\"potentialAction\":[{\"@type\":\"SearchAction\",\"target\":{\"@type\":\"EntryPoint\",\"urlTemplate\":\"https:\\\/\\\/restaurantelaconcordia.es\\\/?s={search_term_string}\"},\"query-input\":{\"@type\":\"PropertyValueSpecification\",\"valueRequired\":true,\"valueName\":\"search_term_string\"}}],\"inLanguage\":\"en-GB\"},{\"@type\":\"Organization\",\"@id\":\"https:\\\/\\\/restaurantelaconcordia.es\\\/#organization\",\"name\":\"Restaurante La Concordia\",\"url\":\"https:\\\/\\\/restaurantelaconcordia.es\\\/\",\"logo\":{\"@type\":\"ImageObject\",\"inLanguage\":\"en-GB\",\"@id\":\"https:\\\/\\\/restaurantelaconcordia.es\\\/#\\\/schema\\\/logo\\\/image\\\/\",\"url\":\"https:\\\/\\\/restaurantelaconcordia.es\\\/wp-content\\\/uploads\\\/2023\\\/09\\\/image-25.png\",\"contentUrl\":\"https:\\\/\\\/restaurantelaconcordia.es\\\/wp-content\\\/uploads\\\/2023\\\/09\\\/image-25.png\",\"width\":2389,\"height\":569,\"caption\":\"Restaurante La Concordia\"},\"image\":{\"@id\":\"https:\\\/\\\/restaurantelaconcordia.es\\\/#\\\/schema\\\/logo\\\/image\\\/\"}}]}<\/script>\n<!-- \/ Yoast SEO plugin. -->","yoast_head_json":{"title":"Accesibilidad - Restaurante La Concordia","robots":{"index":"noindex","follow":"nofollow"},"og_locale":"en_GB","og_type":"article","og_title":"Accesibilidad - Restaurante La Concordia","og_description":"ACCESIBILIDAD WEBActualizado 15\/03\/2023 Restaurante la concordia se compromete en hacer accesible su sitio web de conformidad con el\u00a0Real Decreto 1112\/2018, sobre accesibilidad de los sitios webs y aplicaciones para dispositivos m\u00f3viles del sector p\u00fablico.La presente declaraci\u00f3n de accesibilidad se aplica al sitio web restaurantelaconcordia.esSITUACI\u00d3N DE CUMPLIMIENTOEste sitio web es parcialmente conforme con el\u00a0RD 1112\/2018\u00a0debido a [&hellip;]","og_url":"https:\/\/restaurantelaconcordia.es\/en\/accesibilidad\/","og_site_name":"Restaurante La Concordia","article_modified_time":"2024-10-31T07:31:54+00:00","twitter_card":"summary_large_image","twitter_misc":{"Estimated reading time":"2 minutes"},"schema":{"@context":"https:\/\/schema.org","@graph":[{"@type":"WebPage","@id":"https:\/\/restaurantelaconcordia.es\/accesibilidad\/","url":"https:\/\/restaurantelaconcordia.es\/accesibilidad\/","name":"Accesibilidad - Restaurante La Concordia","isPartOf":{"@id":"https:\/\/restaurantelaconcordia.es\/#website"},"datePublished":"2023-09-28T18:50:44+00:00","dateModified":"2024-10-31T07:31:54+00:00","breadcrumb":{"@id":"https:\/\/restaurantelaconcordia.es\/accesibilidad\/#breadcrumb"},"inLanguage":"en-GB","potentialAction":[{"@type":"ReadAction","target":["https:\/\/restaurantelaconcordia.es\/accesibilidad\/"]}]},{"@type":"BreadcrumbList","@id":"https:\/\/restaurantelaconcordia.es\/accesibilidad\/#breadcrumb","itemListElement":[{"@type":"ListItem","position":1,"name":"Portada","item":"https:\/\/restaurantelaconcordia.es\/"},{"@type":"ListItem","position":2,"name":"Accesibilidad"}]},{"@type":"WebSite","@id":"https:\/\/restaurantelaconcordia.es\/#website","url":"https:\/\/restaurantelaconcordia.es\/","name":"Restaurante La Concordia","description":"Restaurant","publisher":{"@id":"https:\/\/restaurantelaconcordia.es\/#organization"},"potentialAction":[{"@type":"SearchAction","target":{"@type":"EntryPoint","urlTemplate":"https:\/\/restaurantelaconcordia.es\/?s={search_term_string}"},"query-input":{"@type":"PropertyValueSpecification","valueRequired":true,"valueName":"search_term_string"}}],"inLanguage":"en-GB"},{"@type":"Organization","@id":"https:\/\/restaurantelaconcordia.es\/#organization","name":"Restaurante La Concordia","url":"https:\/\/restaurantelaconcordia.es\/","logo":{"@type":"ImageObject","inLanguage":"en-GB","@id":"https:\/\/restaurantelaconcordia.es\/#\/schema\/logo\/image\/","url":"https:\/\/restaurantelaconcordia.es\/wp-content\/uploads\/2023\/09\/image-25.png","contentUrl":"https:\/\/restaurantelaconcordia.es\/wp-content\/uploads\/2023\/09\/image-25.png","width":2389,"height":569,"caption":"Restaurante La Concordia"},"image":{"@id":"https:\/\/restaurantelaconcordia.es\/#\/schema\/logo\/image\/"}}]}},"_links":{"self":[{"href":"https:\/\/restaurantelaconcordia.es\/en\/wp-json\/wp\/v2\/pages\/121","targetHints":{"allow":["GET"]}}],"collection":[{"href":"https:\/\/restaurantelaconcordia.es\/en\/wp-json\/wp\/v2\/pages"}],"about":[{"href":"https:\/\/restaurantelaconcordia.es\/en\/wp-json\/wp\/v2\/types\/page"}],"author":[{"embeddable":true,"href":"https:\/\/restaurantelaconcordia.es\/en\/wp-json\/wp\/v2\/users\/1"}],"replies":[{"embeddable":true,"href":"https:\/\/restaurantelaconcordia.es\/en\/wp-json\/wp\/v2\/comments?post=121"}],"version-history":[{"count":2,"href":"https:\/\/restaurantelaconcordia.es\/en\/wp-json\/wp\/v2\/pages\/121\/revisions"}],"predecessor-version":[{"id":725,"href":"https:\/\/restaurantelaconcordia.es\/en\/wp-json\/wp\/v2\/pages\/121\/revisions\/725"}],"wp:attachment":[{"href":"https:\/\/restaurantelaconcordia.es\/en\/wp-json\/wp\/v2\/media?parent=121"}],"curies":[{"name":"wp","href":"https:\/\/api.w.org\/{rel}","templated":true}]}}